{"id":42,"date":"2023-02-17T12:40:43","date_gmt":"2023-02-17T12:40:43","guid":{"rendered":"https:\/\/oluto.web.ua.pt\/?page_id=42"},"modified":"2024-04-14T18:01:08","modified_gmt":"2024-04-14T18:01:08","slug":"portofolio","status":"publish","type":"page","link":"https:\/\/ipluto.pt\/?page_id=42","title":{"rendered":"Comiss\u00f5es"},"content":{"rendered":"\n<div class=\"wp-block-cover alignfull\" style=\"min-height:300px;aspect-ratio:unset;\"><span aria-hidden=\"true\" class=\"wp-block-cover__background has-nv-site-bg-background-color has-background-dim-100 has-background-dim\"><\/span><div class=\"wp-block-cover__inner-container is-layout-flow wp-block-cover-is-layout-flow\">\n<div class=\"wp-block-group\"><div class=\"wp-block-group__inner-container is-layout-flow wp-block-group-is-layout-flow\">\n<h1 class=\"wp-block-heading has-text-align-left has-neve-text-color-color has-text-color\">Comiss\u00f5es<\/h1>\n<\/div><\/div>\n<\/div><\/div>\n\n\n\n<div class=\"wp-block-cover alignfull\" style=\"min-height:600px;aspect-ratio:unset;\"><span aria-hidden=\"true\" class=\"wp-block-cover__background has-nv-light-bg-background-color has-background-dim-100 has-background-dim\"><\/span><div class=\"wp-block-cover__inner-container is-layout-flow wp-block-cover-is-layout-flow\">\n<div style=\"height:30px\" aria-hidden=\"true\" class=\"wp-block-spacer\"><\/div>\n\n\n\n<div class=\"wp-block-columns is-layout-flex wp-container-core-columns-is-layout-9d6595d7 wp-block-columns-is-layout-flex\">\n<div class=\"wp-block-column is-vertically-aligned-center is-layout-flow wp-block-column-is-layout-flow\"><div class=\"wp-block-image\">\n<figure class=\"aligncenter size-full\"><img loading=\"lazy\" decoding=\"async\" width=\"360\" height=\"360\" src=\"https:\/\/oluto.web.ua.pt\/wp-content\/uploads\/2023\/02\/CO2.jpg\" alt=\"\" class=\"wp-image-435\" srcset=\"https:\/\/ipluto.pt\/wp-content\/uploads\/2023\/02\/CO2.jpg 360w, https:\/\/ipluto.pt\/wp-content\/uploads\/2023\/02\/CO2-300x300.jpg 300w, https:\/\/ipluto.pt\/wp-content\/uploads\/2023\/02\/CO2-150x150.jpg 150w\" sizes=\"auto, (max-width: 360px) 100vw, 360px\" \/><\/figure>\n<\/div><\/div>\n\n\n\n<div class=\"wp-block-column is-layout-flow wp-block-column-is-layout-flow\">\n<h2 class=\"wp-block-heading has-neve-text-color-color has-text-color\">Comiss\u00e3o Organizadora<\/h2>\n\n\n\n<p class=\"has-neve-text-color-color has-text-color\"><a href=\"https:\/\/www.ua.pt\/pt\/cidtff\">CIDTFF<\/a> (Centro de Investiga\u00e7\u00e3o em Did\u00e1tica e Tecnologia na Forma\u00e7\u00e3o de Formadores), Departamento de Educa\u00e7\u00e3o e Psicologia da Universidade de Aveiro<\/p>\n\n\n\n<p class=\"has-neve-text-color-color has-text-color\">Adalayne Lisboa<br>Ana Traqueia <br>Andrea Ulh\u00f4a<br>Bruna Batista <br>Cristina Felizardo<br>Francisco Parran\u00e7a <br>Mariline Santos<br>Marta Fortunato<br>Sara Santos<br><\/p>\n<\/div>\n<\/div>\n<\/div><\/div>\n\n\n\n<div class=\"wp-block-cover alignfull\" style=\"min-height:600px;aspect-ratio:unset;\"><span aria-hidden=\"true\" class=\"wp-block-cover__background has-background-dim-100 has-background-dim\" style=\"background-color:#236b8e\"><\/span><div class=\"wp-block-cover__inner-container is-layout-flow wp-block-cover-is-layout-flow\">\n<div style=\"height:30px\" aria-hidden=\"true\" class=\"wp-block-spacer\"><\/div>\n\n\n\n<div class=\"wp-block-columns is-layout-flex wp-container-core-columns-is-layout-9d6595d7 wp-block-columns-is-layout-flex\">\n<div class=\"wp-block-column is-layout-flow wp-block-column-is-layout-flow\">\n<h2 class=\"wp-block-heading\">Comiss\u00e3o Cient\u00edfica*<\/h2>\n\n\n\n<p>Jenny Sousa<br>CICS.NOVA , Instituto Polit\u00e9cnico de Leiria<br>Manuela Gon\u00e7alves <br>CIDTFF, DEP, Universidade de Aveiro<br>Margarida Cerqueira<br>CINTESIS, ESS da Universidade de Aveiro<br>Mar\u00edlia Rua<br>CIDTFF, ESS da Universidade de Aveiro<br>Paula Santos<br>CIDTFF, DEP, Universidade de Aveiro<\/p>\n\n\n\n<p>*Em atualiza\u00e7\u00e3o.<\/p>\n<\/div>\n\n\n\n<div class=\"wp-block-column is-vertically-aligned-center is-layout-flow wp-block-column-is-layout-flow\"><div class=\"wp-block-image\">\n<figure class=\"aligncenter size-full is-resized\"><img loading=\"lazy\" decoding=\"async\" width=\"360\" height=\"360\" src=\"https:\/\/oluto.web.ua.pt\/wp-content\/uploads\/2023\/02\/CC.jpg\" alt=\"\" class=\"wp-image-438\" style=\"width:360px;height:360px\" srcset=\"https:\/\/ipluto.pt\/wp-content\/uploads\/2023\/02\/CC.jpg 360w, https:\/\/ipluto.pt\/wp-content\/uploads\/2023\/02\/CC-300x300.jpg 300w, https:\/\/ipluto.pt\/wp-content\/uploads\/2023\/02\/CC-150x150.jpg 150w\" sizes=\"auto, (max-width: 360px) 100vw, 360px\" \/><\/figure>\n<\/div><\/div>\n<\/div>\n<\/div><\/div>\n\n\n\n<div class=\"wp-block-cover alignfull\"><span aria-hidden=\"true\" class=\"wp-block-cover__background has-custom-1-background-color has-background-dim-100 has-background-dim\"><\/span><div class=\"wp-block-cover__inner-container is-layout-constrained wp-block-cover-is-layout-constrained\"><div class=\"wp-block-image\">\n<figure class=\"aligncenter size-large\"><img loading=\"lazy\" decoding=\"async\" width=\"1024\" height=\"246\" src=\"https:\/\/oluto.web.ua.pt\/wp-content\/uploads\/2024\/04\/Rodape-Normas-Publicitacao-1024x246.jpg\" alt=\"\" class=\"wp-image-3103\" srcset=\"https:\/\/ipluto.pt\/wp-content\/uploads\/2024\/04\/Rodape-Normas-Publicitacao-1024x246.jpg 1024w, https:\/\/ipluto.pt\/wp-content\/uploads\/2024\/04\/Rodape-Normas-Publicitacao-300x72.jpg 300w, https:\/\/ipluto.pt\/wp-content\/uploads\/2024\/04\/Rodape-Normas-Publicitacao-768x185.jpg 768w, https:\/\/ipluto.pt\/wp-content\/uploads\/2024\/04\/Rodape-Normas-Publicitacao.jpg 1280w\" sizes=\"auto, (max-width: 1024px) 100vw, 1024px\" \/><\/figure>\n<\/div>\n\n\n<div class=\"wp-block-columns alignwide is-layout-flex wp-container-core-columns-is-layout-9d6595d7 wp-block-columns-is-layout-flex\">\n<div class=\"wp-block-column is-layout-flow wp-block-column-is-layout-flow\">\n<p class=\"has-nv-site-bg-color has-text-color has-link-color wp-elements-e06817763da9599429b2e336e888f5c7\"><em>Financiado por Fundos Nacionais atrav\u00e9s da FCT \u2013 Funda\u00e7\u00e3o para a Ci\u00eancia e a Tecnologia, I.P., no \u00e2mbito dos projetos UIDB\/00194\/2020 (https:\/\/doi.org\/10.54499\/UIDB\/00194\/2020), referente ao CIDTFF, e 10.54499\/LA\/P\/0053\/2020, referente ao RISE-Health, CINTESIS@UA e do concurso de Bolsas de Doutoramento, refer\u00eancia 2021.06422.BD (https:\/\/doi.org\/10.54499\/UIDB\/00194\/2020).<\/em><\/p>\n<\/div>\n<\/div>\n<\/div><\/div>\n","protected":false},"excerpt":{"rendered":"","protected":false},"author":3,"featured_media":0,"parent":0,"menu_order":0,"comment_status":"closed","ping_status":"closed","template":"","meta":{"neve_meta_sidebar":"","neve_meta_container":"","neve_meta_enable_content_width":"on","neve_meta_content_width":100,"neve_meta_title_alignment":"","neve_meta_author_avatar":"","neve_post_elements_order":"","neve_meta_disable_header":"","neve_meta_disable_footer":"","neve_meta_disable_title":"on","footnotes":""},"class_list":["post-42","page","type-page","status-publish","hentry"],"_links":{"self":[{"href":"https:\/\/ipluto.pt\/index.php?rest_route=\/wp\/v2\/pages\/42","targetHints":{"allow":["GET"]}}],"collection":[{"href":"https:\/\/ipluto.pt\/index.php?rest_route=\/wp\/v2\/pages"}],"about":[{"href":"https:\/\/ipluto.pt\/index.php?rest_route=\/wp\/v2\/types\/page"}],"author":[{"embeddable":true,"href":"https:\/\/ipluto.pt\/index.php?rest_route=\/wp\/v2\/users\/3"}],"replies":[{"embeddable":true,"href":"https:\/\/ipluto.pt\/index.php?rest_route=%2Fwp%2Fv2%2Fcomments&post=42"}],"version-history":[{"count":12,"href":"https:\/\/ipluto.pt\/index.php?rest_route=\/wp\/v2\/pages\/42\/revisions"}],"predecessor-version":[{"id":3172,"href":"https:\/\/ipluto.pt\/index.php?rest_route=\/wp\/v2\/pages\/42\/revisions\/3172"}],"wp:attachment":[{"href":"https:\/\/ipluto.pt\/index.php?rest_route=%2Fwp%2Fv2%2Fmedia&parent=42"}],"curies":[{"name":"wp","href":"https:\/\/api.w.org\/{rel}","templated":true}]}}