{"id":45,"date":"2023-02-17T12:40:43","date_gmt":"2023-02-17T12:40:43","guid":{"rendered":"https:\/\/oluto.web.ua.pt\/?page_id=45"},"modified":"2024-04-14T18:32:40","modified_gmt":"2024-04-14T18:32:40","slug":"project-details","status":"publish","type":"page","link":"https:\/\/ipluto.pt\/?page_id=45","title":{"rendered":"Submiss\u00f5es"},"content":{"rendered":"\n<div class=\"wp-block-cover alignfull\" style=\"min-height:320px;aspect-ratio:unset;\"><span aria-hidden=\"true\" class=\"wp-block-cover__background has-nv-site-bg-background-color has-background-dim-100 has-background-dim\"><\/span><div class=\"wp-block-cover__inner-container is-layout-flow wp-block-cover-is-layout-flow\">\n<div style=\"height:80px\" aria-hidden=\"true\" class=\"wp-block-spacer\"><\/div>\n\n\n\n<div class=\"wp-block-group\"><div class=\"wp-block-group__inner-container is-layout-flow wp-block-group-is-layout-flow\">\n<div class=\"wp-block-columns are-vertically-aligned-center is-layout-flex wp-container-core-columns-is-layout-9d6595d7 wp-block-columns-is-layout-flex\">\n<div class=\"wp-block-column is-vertically-aligned-center is-layout-flow wp-block-column-is-layout-flow\" style=\"flex-basis:70%\">\n<h2 class=\"wp-block-heading has-text-align-left has-neve-text-color-color has-text-color\">Submiss\u00e3o de Resumos<\/h2>\n\n\n\n<p class=\"has-neve-text-color-color has-text-color\">Os profissionais das \u00e1reas de Educa\u00e7\u00e3o, Psicologia, Sa\u00fade e Servi\u00e7o Social que no exerc\u00edcio das suas atividades profissionais sejam chamados a prestar apoio em processos de luto, convidamo-los a participar neste evento cient\u00edfico, partilhando a sua experi\u00eancia profissional de apoio\/interven\u00e7\u00e3o em processos de luto, atendendo ao contexto que motivou a necessidade de interven\u00e7\u00e3o, ao tipo de apoio prestado, aos resultados da interven\u00e7\u00e3o em luto, \u00e0s dificuldades sentidas e referindo sugest\u00f5es para melhoria da interven\u00e7\u00e3o em luto.<\/p>\n<\/div>\n\n\n\n<div class=\"wp-block-column is-vertically-aligned-center is-layout-flow wp-block-column-is-layout-flow\" style=\"flex-basis:30%\">\n<h5 class=\"wp-block-heading has-text-align-left has-neve-text-color-color has-nv-light-bg-background-color has-text-color has-background\">Datas Importantes<\/h5>\n\n\n\n<p class=\"has-neve-text-color-color has-text-color has-small-font-size\">Submiss\u00e3o de Resumos: at\u00e9 <strong><s>24 de mar\u00e7o<\/s><\/strong> (<strong>NOVA DATA) 27 de mar\u00e7o<\/strong> de 2023<br>Comunica\u00e7\u00e3o da aceita\u00e7\u00e3o: <strong>17 de abril<\/strong> de 2023 <br>Revis\u00e3o pelos autores e submiss\u00e3o final: <strong>01 de maio<\/strong> de 2023<br>Inscri\u00e7\u00e3o no evento: at\u00e9 <strong>4 de maio<\/strong><br><strong>SALP: 5 de maio de 2023<\/strong><\/p>\n<\/div>\n<\/div>\n<\/div><\/div>\n<\/div><\/div>\n\n\n\n<div class=\"wp-block-cover alignfull\"><span aria-hidden=\"true\" class=\"wp-block-cover__background has-nv-light-bg-background-color has-background-dim-100 has-background-dim\"><\/span><div class=\"wp-block-cover__inner-container is-layout-flow wp-block-cover-is-layout-flow\">\n<div style=\"height:50px\" aria-hidden=\"true\" class=\"wp-block-spacer\"><\/div>\n\n\n\n<h2 class=\"wp-block-heading has-neve-text-color-color has-text-color\">Normas de Submiss\u00e3o<\/h2>\n\n\n\n<div class=\"wp-block-columns is-layout-flex wp-container-core-columns-is-layout-9d6595d7 wp-block-columns-is-layout-flex\">\n<div class=\"wp-block-column is-layout-flow wp-block-column-is-layout-flow\" style=\"flex-basis:66.66%\">\n<ul class=\"has-neve-text-color-color has-text-color wp-block-list\">\n<li>A submiss\u00e3o de propostas decorre at\u00e9 ao dia <strong><s>24 de mar\u00e7o<\/s> (NOVA DATA) 27 de mar\u00e7o de 2023<\/strong>, atrav\u00e9s da plataforma <a href=\"https:\/\/forms.gle\/dyd2ZdjqJyoyoF1m9\">https:\/\/forms.gle\/dyd2ZdjqJyoyoF1m9<\/a>.<\/li>\n\n\n\n<li>Os trabalhos devem ser originais e baseados em experi\u00eancias profissionais realizadas no exerc\u00edcio da atividade profissional.<\/li>\n\n\n\n<li>Os resumos devem ser enviados em portugu\u00eas (PT) ou em ingl\u00eas (UK).<\/li>\n\n\n\n<li>Cada autor poder\u00e1 submeter apenas 01 resumo (apresenta\u00e7\u00e3o oral ou p\u00f3ster).<\/li>\n\n\n\n<li>Os resumos (comunica\u00e7\u00e3o ou p\u00f3ster) a submeter na plataforma devem seguir o modelo de resumo (estrutura e formata\u00e7\u00e3o) aqui disponibilizado.<\/li>\n\n\n\n<li>Os resumos devem ter no m\u00e1ximo 300 palavras.<\/li>\n\n\n\n<li>Os resumos devem ter entre 3 a 5 refer\u00eancias bibliogr\u00e1ficas.<\/li>\n\n\n\n<li>Os resumos submetidos ser\u00e3o sujeitos a uma avalia\u00e7\u00e3o cega por membros da Comiss\u00e3o Cient\u00edfica do SALP.<\/li>\n\n\n\n<li>Ap\u00f3s a avalia\u00e7\u00e3o, a Comiss\u00e3o Organizadora do SALP notificar\u00e1 os autores, por correio eletr\u00f3nico, sobre o resultado da revis\u00e3o das propostas submetidas, at\u00e9 ao dia <strong>17 de abril de 2023<\/strong>.<\/li>\n\n\n\n<li>Os autores s\u00e3o respons\u00e1veis pelo conte\u00fado das suas apresenta\u00e7\u00f5es.<\/li>\n<\/ul>\n<\/div>\n\n\n\n<div class=\"wp-block-column is-layout-flow wp-block-column-is-layout-flow\" style=\"flex-basis:33.33%\"><div class=\"wp-block-image\">\n<figure class=\"alignleft size-full\"><img loading=\"lazy\" decoding=\"async\" width=\"719\" height=\"110\" src=\"https:\/\/oluto.web.ua.pt\/wp-content\/uploads\/2023\/02\/Separador-horizontal-1-2.png\" alt=\"\" class=\"wp-image-681\" srcset=\"https:\/\/ipluto.pt\/wp-content\/uploads\/2023\/02\/Separador-horizontal-1-2.png 719w, https:\/\/ipluto.pt\/wp-content\/uploads\/2023\/02\/Separador-horizontal-1-2-300x46.png 300w\" sizes=\"auto, (max-width: 719px) 100vw, 719px\" \/><\/figure>\n<\/div>\n\n\n<h5 class=\"wp-block-heading has-neve-text-color-color has-text-color\">Links Importantes<\/h5>\n\n\n\n<p class=\"has-neve-text-color-color has-text-color\">\u00bb <em><strong>Plataforma<\/strong> para Submiss\u00e3o do Resumo<\/em><br>Aceder <a href=\"https:\/\/forms.gle\/i7hJ2dtkZJNKbfKJA\">AQUI<\/a><\/p>\n\n\n\n<div class=\"wp-block-file\"><a id=\"wp-block-file--media-58c1b9be-8554-4307-aa99-dd4388faadb1\" href=\"https:\/\/oluto.web.ua.pt\/wp-content\/uploads\/2023\/03\/Template_resumo_SALP2023_v2.docx\">Template_resumo_SALP2023_v2<\/a><a href=\"https:\/\/oluto.web.ua.pt\/wp-content\/uploads\/2023\/03\/Template_resumo_SALP2023_v2.docx\" class=\"wp-block-file__button wp-element-button\" download aria-describedby=\"wp-block-file--media-58c1b9be-8554-4307-aa99-dd4388faadb1\">Download<\/a><\/div>\n<\/div>\n<\/div>\n<\/div><\/div>\n\n\n\n<div class=\"wp-block-cover alignfull\"><span aria-hidden=\"true\" class=\"wp-block-cover__background has-background-dim-100 has-background-dim\" style=\"background-color:#236b8e\"><\/span><div class=\"wp-block-cover__inner-container is-layout-flow wp-block-cover-is-layout-flow\">\n<div style=\"height:50px\" aria-hidden=\"true\" class=\"wp-block-spacer\"><\/div>\n\n\n\n<h2 class=\"wp-block-heading has-nv-site-bg-color has-text-color\">Apresenta\u00e7\u00f5es<\/h2>\n\n\n\n<div class=\"wp-block-columns is-layout-flex wp-container-core-columns-is-layout-9d6595d7 wp-block-columns-is-layout-flex\">\n<div class=\"wp-block-column is-layout-flow wp-block-column-is-layout-flow\" style=\"flex-basis:66.66%\">\n<p><strong>\u2014 Comunica\u00e7\u00f5es Orais \u2014<\/strong><\/p>\n\n\n\n<p>As comunica\u00e7\u00f5es orais ocorrer\u00e3o nas sess\u00f5es paralelas, em organiza\u00e7\u00e3o a ser divulgada brevemente no menu Programa.<\/p>\n\n\n\n<p>As apresenta\u00e7\u00f5es ser\u00e3o organizadas por eixos tem\u00e1ticos. Cada participante ter\u00e1, aproximadamente, 12 a 15 minutos para apresentar seu trabalho.<\/p>\n\n\n\n<p><strong>\u2014 P\u00f3steres \u2014<\/strong><\/p>\n\n\n\n<p>Os p\u00f3steres dever\u00e3o ser afixados no in\u00edcio do semin\u00e1rio, mantendo-se at\u00e9 ao final (tamanho A0, vertical). Os autores dever\u00e3o estar presentes durante a sess\u00e3o de apresenta\u00e7\u00e3o de p\u00f3steres, de modo a poderem apresentar e discutir informalmente o seu trabalho. A sess\u00e3o de apresenta\u00e7\u00e3o durar\u00e1 uma hora. Os materiais a expor s\u00e3o da responsabilidade dos autores e dever\u00e3o ser preparados previamente ao semin\u00e1rio.<\/p>\n<\/div>\n\n\n\n<div class=\"wp-block-column is-layout-flow wp-block-column-is-layout-flow\" style=\"flex-basis:33.33%\"><div class=\"wp-block-image\">\n<figure class=\"alignleft size-full\"><img loading=\"lazy\" decoding=\"async\" width=\"719\" height=\"110\" src=\"https:\/\/oluto.web.ua.pt\/wp-content\/uploads\/2023\/02\/Separador-horizontal-1-2.png\" alt=\"\" class=\"wp-image-681\" srcset=\"https:\/\/ipluto.pt\/wp-content\/uploads\/2023\/02\/Separador-horizontal-1-2.png 719w, https:\/\/ipluto.pt\/wp-content\/uploads\/2023\/02\/Separador-horizontal-1-2-300x46.png 300w\" sizes=\"auto, (max-width: 719px) 100vw, 719px\" \/><\/figure>\n<\/div>\n\n\n<h5 class=\"wp-block-heading\">Links Importantes<\/h5>\n\n\n\n<p>\u00bb <em><strong>Template<\/strong> (PPT) para apresenta\u00e7\u00e3o de Comunica\u00e7\u00e3o Oral<\/em><\/p>\n\n\n\n<div class=\"wp-block-file\"><a id=\"wp-block-file--media-8fb192f1-ede5-492a-be99-69bbe5782d19\" href=\"https:\/\/oluto.web.ua.pt\/wp-content\/uploads\/2023\/04\/Template-PPT-SALP2023_Comunicacao-Oral.pptx\">Template PPT SALP2023_Comunica\u00e7\u00e3o Oral<\/a><a href=\"https:\/\/oluto.web.ua.pt\/wp-content\/uploads\/2023\/04\/Template-PPT-SALP2023_Comunicacao-Oral.pptx\" class=\"wp-block-file__button wp-element-button\" download aria-describedby=\"wp-block-file--media-8fb192f1-ede5-492a-be99-69bbe5782d19\">Download<\/a><\/div>\n\n\n\n<p><\/p>\n\n\n\n<p>\u00bb <em><strong><em><strong>Template<\/strong> <\/em><\/strong><em>(PPT) para apresenta\u00e7\u00e3o de P\u00f3ster<\/em><\/em><\/p>\n\n\n\n<div class=\"wp-block-file\"><a id=\"wp-block-file--media-31a14582-84ba-44c1-a75f-f6f433c09006\" href=\"https:\/\/oluto.web.ua.pt\/wp-content\/uploads\/2023\/04\/Template-PPT-SALP-2023_Poster.pptx\">Template PPT SALP 2023_Poster<\/a><a href=\"https:\/\/oluto.web.ua.pt\/wp-content\/uploads\/2023\/04\/Template-PPT-SALP-2023_Poster.pptx\" class=\"wp-block-file__button wp-element-button\" download aria-describedby=\"wp-block-file--media-31a14582-84ba-44c1-a75f-f6f433c09006\">Download<\/a><\/div>\n<\/div>\n<\/div>\n<\/div><\/div>\n\n\n\n<div class=\"wp-block-cover alignfull\"><span aria-hidden=\"true\" class=\"wp-block-cover__background has-custom-1-background-color has-background-dim-100 has-background-dim\"><\/span><div class=\"wp-block-cover__inner-container is-layout-constrained wp-block-cover-is-layout-constrained\"><div class=\"wp-block-image\">\n<figure class=\"aligncenter size-large\"><img loading=\"lazy\" decoding=\"async\" width=\"1024\" height=\"246\" src=\"https:\/\/oluto.web.ua.pt\/wp-content\/uploads\/2024\/04\/Rodape-Normas-Publicitacao-1024x246.jpg\" alt=\"\" class=\"wp-image-3103\" srcset=\"https:\/\/ipluto.pt\/wp-content\/uploads\/2024\/04\/Rodape-Normas-Publicitacao-1024x246.jpg 1024w, https:\/\/ipluto.pt\/wp-content\/uploads\/2024\/04\/Rodape-Normas-Publicitacao-300x72.jpg 300w, https:\/\/ipluto.pt\/wp-content\/uploads\/2024\/04\/Rodape-Normas-Publicitacao-768x185.jpg 768w, https:\/\/ipluto.pt\/wp-content\/uploads\/2024\/04\/Rodape-Normas-Publicitacao.jpg 1280w\" sizes=\"auto, (max-width: 1024px) 100vw, 1024px\" \/><\/figure>\n<\/div>\n\n\n<div class=\"wp-block-columns alignwide is-layout-flex wp-container-core-columns-is-layout-9d6595d7 wp-block-columns-is-layout-flex\">\n<div class=\"wp-block-column is-layout-flow wp-block-column-is-layout-flow\">\n<p class=\"has-nv-site-bg-color has-text-color has-link-color wp-elements-e06817763da9599429b2e336e888f5c7\"><em>Financiado por Fundos Nacionais atrav\u00e9s da FCT \u2013 Funda\u00e7\u00e3o para a Ci\u00eancia e a Tecnologia, I.P., no \u00e2mbito dos projetos UIDB\/00194\/2020 (https:\/\/doi.org\/10.54499\/UIDB\/00194\/2020), referente ao CIDTFF, e 10.54499\/LA\/P\/0053\/2020, referente ao RISE-Health, CINTESIS@UA e do concurso de Bolsas de Doutoramento, refer\u00eancia 2021.06422.BD (https:\/\/doi.org\/10.54499\/UIDB\/00194\/2020).<\/em><\/p>\n<\/div>\n<\/div>\n<\/div><\/div>\n","protected":false},"excerpt":{"rendered":"","protected":false},"author":3,"featured_media":0,"parent":0,"menu_order":0,"comment_status":"closed","ping_status":"closed","template":"","meta":{"neve_meta_sidebar":"","neve_meta_container":"","neve_meta_enable_content_width":"on","neve_meta_content_width":100,"neve_meta_title_alignment":"","neve_meta_author_avatar":"","neve_post_elements_order":"","neve_meta_disable_header":"","neve_meta_disable_footer":"","neve_meta_disable_title":"on","footnotes":""},"class_list":["post-45","page","type-page","status-publish","hentry"],"_links":{"self":[{"href":"https:\/\/ipluto.pt\/index.php?rest_route=\/wp\/v2\/pages\/45","targetHints":{"allow":["GET"]}}],"collection":[{"href":"https:\/\/ipluto.pt\/index.php?rest_route=\/wp\/v2\/pages"}],"about":[{"href":"https:\/\/ipluto.pt\/index.php?rest_route=\/wp\/v2\/types\/page"}],"author":[{"embeddable":true,"href":"https:\/\/ipluto.pt\/index.php?rest_route=\/wp\/v2\/users\/3"}],"replies":[{"embeddable":true,"href":"https:\/\/ipluto.pt\/index.php?rest_route=%2Fwp%2Fv2%2Fcomments&post=45"}],"version-history":[{"count":22,"href":"https:\/\/ipluto.pt\/index.php?rest_route=\/wp\/v2\/pages\/45\/revisions"}],"predecessor-version":[{"id":3277,"href":"https:\/\/ipluto.pt\/index.php?rest_route=\/wp\/v2\/pages\/45\/revisions\/3277"}],"wp:attachment":[{"href":"https:\/\/ipluto.pt\/index.php?rest_route=%2Fwp%2Fv2%2Fmedia&parent=45"}],"curies":[{"name":"wp","href":"https:\/\/api.w.org\/{rel}","templated":true}]}}