{"id":96,"date":"2023-02-17T13:06:54","date_gmt":"2023-02-17T13:06:54","guid":{"rendered":"https:\/\/oluto.web.ua.pt\/?page_id=96"},"modified":"2024-04-14T18:25:01","modified_gmt":"2024-04-14T18:25:01","slug":"programa","status":"publish","type":"page","link":"https:\/\/ipluto.pt\/?page_id=96","title":{"rendered":"Programa"},"content":{"rendered":"\n<h2 class=\"wp-block-heading\">5 de maio (sexta-feira)<\/h2>\n\n\n\n<figure class=\"wp-block-table is-style-regular\"><table class=\"has-neve-text-color-color has-nv-light-bg-background-color has-text-color has-background\"><tbody><tr><td class=\"has-text-align-center\" data-align=\"center\">08h00 <br>09h00<\/td><td>Abertura do Secretariado<\/td><\/tr><tr><td class=\"has-text-align-center\" data-align=\"center\">09h00 <br>09h30<\/td><td>Sess\u00e3o Solene de Abertura<\/td><\/tr><tr><td class=\"has-text-align-center\" data-align=\"center\">09h30 <br>10h30<\/td><td>Confer\u00eancia: &#8216;<em><strong>Grief and Loss: Theories and Practises<\/strong><\/em>&#8216;<br>      <strong>Bianca Lavorgna<\/strong>, Grief Australia <em>(Australia)<\/em><br>     <em> Moderadora: Cristina Felizardo, CIDTFF, U. Aveiro<\/em><\/td><\/tr><tr><td class=\"has-text-align-center\" data-align=\"center\">10h30 <br>10h45<\/td><td><em>Coffee Break<\/em><\/td><\/tr><tr><td class=\"has-text-align-center\" data-align=\"center\">10h45<br>11h00<\/td><td><em>(t\u00edtulo a disponibilizar brevemente)<\/em><br>    <strong>Victor Sebasti\u00e3o<\/strong>, Servilusa<\/td><\/tr><tr><td class=\"has-text-align-center\" data-align=\"center\">11h00 <br>12h00<\/td><td>Confer\u00eancia: &#8216;<strong><em>Acuity of Grief and the Training Needs of Supporters<\/em><\/strong>&#8216;<br>    <strong>Andy Langford<\/strong>, Cruse Bereavement <em>(Reino Unido)<\/em><br>    <em>Moderadora: Paula Santos, CIDTFF, U. Aveiro<\/em><\/td><\/tr><tr><td class=\"has-text-align-center\" data-align=\"center\">12h00 <br>13h00<\/td><td>Confer\u00eancia:<strong> <em>A Unidade de Cuidados ao Luto do Departamento de Sa\u00fade Mental da ULS de Matosinhos<\/em><\/strong><br>      <strong>Rui Ramos<\/strong>, Faculdade de Psicologia e Ci\u00eancias da Educa\u00e7\u00e3o da Universidade do Porto e Hospital Pedro Hispano<br>     <em> Moderadora: Margarida Cerqueira, CINTESIS@RISE, U. Aveiro<\/em><\/td><\/tr><tr><td class=\"has-text-align-center\" data-align=\"center\">13h00<br>14h00<\/td><td>Pausa para Almo\u00e7o<\/td><\/tr><tr><td class=\"has-text-align-center\" data-align=\"center\">14h00 <br>15h00<\/td><td>Sess\u00f5es Paralelas*<br><\/td><\/tr><tr><td class=\"has-text-align-center\" data-align=\"center\">15h00 <br>16h00<\/td><td>Confer\u00eancia:<strong><em> <\/em><\/strong><em><strong>Viv\u00eancia do Luto:&nbsp;a import\u00e2ncia da interven\u00e7\u00e3o universal e seletiva<\/strong><\/em><br>      <strong>Ana Rocha<\/strong>, Instituto Portugu\u00eas de Oncologia de Coimbra<br>      <em>Moderadora: Mar\u00edlia Rua, CIDTFF, U. Aveiro<\/em><\/td><\/tr><tr><td class=\"has-text-align-center\" data-align=\"center\">16h00 <br>16h15<\/td><td><em>Coffee Break<\/em> <br>Sess\u00e3o de P\u00f3steres*<\/td><\/tr><tr><td class=\"has-text-align-center\" data-align=\"center\">16h15 <br>17h15<\/td><td>Mesa Redonda: <strong><em>Interven\u00e7\u00f5es Comunit\u00e1rias em Luto<\/em><\/strong><br>      <strong>Adriana Capela<\/strong>, C\u00e2mara Municipal de Vagos: <strong><em>A Ponte &#8211; travessias da identidade<\/em><\/strong><br>      <strong>Ana Brazi\u00e3o<\/strong>, Pedrinhas \u2013 Cooperativa Pedro Brazi\u00e3o Rodrigues: <strong><em>Todas as Crian\u00e7as s\u00e3o Pedrinhas Preciosas<\/em><\/strong><br>      <strong>Alexandra Correia<\/strong>, Linque \u2013 Cuidados Paliativos ao Domic\u00edlio: <strong><em>Falar de final de vida e morte para uma comunidade mais Compassiva<\/em><\/strong><br>     <em>Moderadora: Margarida Cerqueira, CINTESIS@RISE, U. Aveiro<\/em><\/td><\/tr><tr><td class=\"has-text-align-center\" data-align=\"center\">17h15 <br>17h30<\/td><td>Atribui\u00e7\u00e3o dos Pr\u00e9mios Melhor Comunica\u00e7\u00e3o Oral e Melhor P\u00f3ster<\/td><\/tr><tr><td class=\"has-text-align-center\" data-align=\"center\">17h30 <br>17h45<\/td><td>Apresenta\u00e7\u00e3o do Projeto de Investiga\u00e7\u00e3o <br><strong><em>\u201cAconselhamento no Luto: a forma\u00e7\u00e3o especializada no contexto portugu\u00eas\u201d<\/em> <\/strong><br>      <strong>Cristina Felizardo<\/strong> (CIDTFF \u2013 Departamento de Educa\u00e7\u00e3o e Psicologia da Universidade de Aveiro)<\/td><\/tr><tr><td class=\"has-text-align-center\" data-align=\"center\">17h45 <br>18h00<\/td><td>Sess\u00e3o Solene de Encerramento<\/td><\/tr><\/tbody><\/table><\/figure>\n\n\n\n<h3 class=\"wp-block-heading\">* = Sess\u00f5es Paralelas &amp; P\u00f3steres =<br>5 maio | 14h \u00e0s 15h<\/h3>\n\n\n\n<div data-wp-interactive=\"core\/file\" class=\"wp-block-file\"><object data-wp-bind--hidden=\"!state.hasPdfPreview\" hidden class=\"wp-block-file__embed\" data=\"https:\/\/oluto.web.ua.pt\/wp-content\/uploads\/2023\/05\/Programa-Sessoes-Paralelas-Posteres-1.pdf\" type=\"application\/pdf\" style=\"width:100%;height:600px\" aria-label=\"Embed of Programa Sess\u00f5es Paralelas &amp; P\u00f3steres.\"><\/object><a id=\"wp-block-file--media-973cee9a-f444-4fb5-9363-3bda893cf409\" href=\"https:\/\/oluto.web.ua.pt\/wp-content\/uploads\/2023\/05\/Programa-Sessoes-Paralelas-Posteres-1.pdf\">Programa Sess\u00f5es Paralelas &amp; P\u00f3steres<\/a><a href=\"https:\/\/oluto.web.ua.pt\/wp-content\/uploads\/2023\/05\/Programa-Sessoes-Paralelas-Posteres-1.pdf\" class=\"wp-block-file__button wp-element-button\" download aria-describedby=\"wp-block-file--media-973cee9a-f444-4fb5-9363-3bda893cf409\">Download<\/a><\/div>\n\n\n\n<div class=\"wp-block-cover alignfull\"><span aria-hidden=\"true\" class=\"wp-block-cover__background has-custom-1-background-color has-background-dim-100 has-background-dim\"><\/span><div class=\"wp-block-cover__inner-container is-layout-constrained wp-block-cover-is-layout-constrained\"><div class=\"wp-block-image\">\n<figure class=\"aligncenter size-large\"><img loading=\"lazy\" decoding=\"async\" width=\"1024\" height=\"246\" src=\"https:\/\/oluto.web.ua.pt\/wp-content\/uploads\/2024\/04\/Rodape-Normas-Publicitacao-1024x246.jpg\" alt=\"\" class=\"wp-image-3103\" srcset=\"https:\/\/ipluto.pt\/wp-content\/uploads\/2024\/04\/Rodape-Normas-Publicitacao-1024x246.jpg 1024w, https:\/\/ipluto.pt\/wp-content\/uploads\/2024\/04\/Rodape-Normas-Publicitacao-300x72.jpg 300w, https:\/\/ipluto.pt\/wp-content\/uploads\/2024\/04\/Rodape-Normas-Publicitacao-768x185.jpg 768w, https:\/\/ipluto.pt\/wp-content\/uploads\/2024\/04\/Rodape-Normas-Publicitacao.jpg 1280w\" sizes=\"auto, (max-width: 1024px) 100vw, 1024px\" \/><\/figure>\n<\/div>\n\n\n<div class=\"wp-block-columns alignwide is-layout-flex wp-container-core-columns-is-layout-9d6595d7 wp-block-columns-is-layout-flex\">\n<div class=\"wp-block-column is-layout-flow wp-block-column-is-layout-flow\">\n<p class=\"has-nv-site-bg-color has-text-color has-link-color wp-elements-e06817763da9599429b2e336e888f5c7\"><em>Financiado por Fundos Nacionais atrav\u00e9s da FCT \u2013 Funda\u00e7\u00e3o para a Ci\u00eancia e a Tecnologia, I.P., no \u00e2mbito dos projetos UIDB\/00194\/2020 (https:\/\/doi.org\/10.54499\/UIDB\/00194\/2020), referente ao CIDTFF, e 10.54499\/LA\/P\/0053\/2020, referente ao RISE-Health, CINTESIS@UA e do concurso de Bolsas de Doutoramento, refer\u00eancia 2021.06422.BD (https:\/\/doi.org\/10.54499\/UIDB\/00194\/2020).<\/em><\/p>\n<\/div>\n<\/div>\n<\/div><\/div>\n","protected":false},"excerpt":{"rendered":"<p>5 de maio (sexta-feira) 08h00 09h00 Abertura do Secretariado 09h00 09h30 Sess\u00e3o Solene de Abertura 09h30 10h30 Confer\u00eancia: &#8216;Grief and Loss: Theories and Practises&#8216; Bianca Lavorgna, Grief Australia (Australia) Moderadora: Cristina Felizardo, CIDTFF, U. Aveiro 10h30 10h45 Coffee Break 10h4511h00 (t\u00edtulo a disponibilizar brevemente) Victor Sebasti\u00e3o, Servilusa 11h00 12h00 Confer\u00eancia: &#8216;Acuity of Grief and the&hellip;&nbsp;<a href=\"https:\/\/ipluto.pt\/?page_id=96\" rel=\"bookmark\">Read More &raquo;<span class=\"screen-reader-text\">Programa<\/span><\/a><\/p>\n","protected":false},"author":3,"featured_media":0,"parent":0,"menu_order":0,"comment_status":"closed","ping_status":"closed","template":"","meta":{"neve_meta_sidebar":"","neve_meta_container":"contained","neve_meta_enable_content_width":"on","neve_meta_content_width":100,"neve_meta_title_alignment":"left","neve_meta_author_avatar":"","neve_post_elements_order":"","neve_meta_disable_header":"","neve_meta_disable_footer":"","neve_meta_disable_title":"","footnotes":""},"class_list":["post-96","page","type-page","status-publish","hentry"],"_links":{"self":[{"href":"https:\/\/ipluto.pt\/index.php?rest_route=\/wp\/v2\/pages\/96","targetHints":{"allow":["GET"]}}],"collection":[{"href":"https:\/\/ipluto.pt\/index.php?rest_route=\/wp\/v2\/pages"}],"about":[{"href":"https:\/\/ipluto.pt\/index.php?rest_route=\/wp\/v2\/types\/page"}],"author":[{"embeddable":true,"href":"https:\/\/ipluto.pt\/index.php?rest_route=\/wp\/v2\/users\/3"}],"replies":[{"embeddable":true,"href":"https:\/\/ipluto.pt\/index.php?rest_route=%2Fwp%2Fv2%2Fcomments&post=96"}],"version-history":[{"count":28,"href":"https:\/\/ipluto.pt\/index.php?rest_route=\/wp\/v2\/pages\/96\/revisions"}],"predecessor-version":[{"id":3256,"href":"https:\/\/ipluto.pt\/index.php?rest_route=\/wp\/v2\/pages\/96\/revisions\/3256"}],"wp:attachment":[{"href":"https:\/\/ipluto.pt\/index.php?rest_route=%2Fwp%2Fv2%2Fmedia&parent=96"}],"curies":[{"name":"wp","href":"https:\/\/api.w.org\/{rel}","templated":true}]}}